{"id":31,"date":"2026-03-20T23:07:08","date_gmt":"2026-03-20T23:07:08","guid":{"rendered":"https:\/\/cynthialagadecreflexo.com\/?page_id=31"},"modified":"2026-04-02T18:46:26","modified_gmt":"2026-04-02T18:46:26","slug":"reserver-tarifs","status":"publish","type":"page","link":"https:\/\/cynthialagadecreflexo.com\/index.php\/reserver-tarifs\/","title":{"rendered":"R\u00e9server &#038; tarifs"},"content":{"rendered":"\t\t<div data-elementor-type=\"wp-page\" data-elementor-id=\"31\" class=\"elementor elementor-31\">\n\t\t\t\t<div class=\"elementor-element elementor-element-43b154c e-flex e-con-boxed e-con e-parent\" data-id=\"43b154c\" data-element_type=\"container\" data-e-type=\"container\">\n\t\t\t\t\t<div class=\"e-con-inner\">\n\t\t\t\t<div class=\"elementor-element elementor-element-4073aaa elementor-widget elementor-widget-text-editor\" data-id=\"4073aaa\" data-element_type=\"widget\" data-e-type=\"widget\" data-widget_type=\"text-editor.default\">\n\t\t\t\t\t\t\t\t\t<p><span style=\"text-decoration: underline;\"><strong>Les modes de paiements :<\/strong><\/span> carte bancaire, esp\u00e8ces, ch\u00e8que<\/p><p><span style=\"text-decoration: underline;\"><strong>Info importante pour le massage du dos :<\/strong><\/span> Je prodigue un massage du dos \u00e0 la fois selon mon protocole et vos besoins, mais aussi, instinctif selon les ressentis des tensions musculaires et \u00e9motionnelles. C&rsquo;est un massage appuy\u00e9 et en douceur \u00e0 la fois.<\/p>\t\t\t\t\t\t\t\t<\/div>\n\t\t\t\t\t<\/div>\n\t\t\t\t<\/div>\n\t\t<div class=\"elementor-element elementor-element-b789063 e-flex e-con-boxed e-con e-parent\" data-id=\"b789063\" data-element_type=\"container\" data-e-type=\"container\">\n\t\t\t\t\t<div class=\"e-con-inner\">\n\t\t\t\t<div class=\"elementor-element elementor-element-9bf579a elementor-widget-divider--view-line elementor-widget elementor-widget-divider\" data-id=\"9bf579a\" data-element_type=\"widget\" data-e-type=\"widget\" data-widget_type=\"divider.default\">\n\t\t\t\t\t\t\t<div class=\"elementor-divider\">\n\t\t\t<span class=\"elementor-divider-separator\">\n\t\t\t\t\t\t<\/span>\n\t\t<\/div>\n\t\t\t\t\t\t<\/div>\n\t\t\t\t\t<\/div>\n\t\t\t\t<\/div>\n\t\t<div class=\"elementor-element elementor-element-9a50170 e-flex e-con-boxed e-con e-parent\" data-id=\"9a50170\" data-element_type=\"container\" data-e-type=\"container\">\n\t\t\t\t\t<div class=\"e-con-inner\">\n\t\t\t\t<div class=\"elementor-element elementor-element-63be7bc elementor-align-center elementor-widget elementor-widget-button\" data-id=\"63be7bc\" data-element_type=\"widget\" data-e-type=\"widget\" data-widget_type=\"button.default\">\n\t\t\t\t\t\t\t\t\t\t<a class=\"elementor-button elementor-button-link elementor-size-sm\" href=\"https:\/\/www.sumupbookings.com\/cynthialagadecreflexo\">\n\t\t\t\t\t\t<span class=\"elementor-button-content-wrapper\">\n\t\t\t\t\t\t<span class=\"elementor-button-icon\">\n\t\t\t\t<svg aria-hidden=\"true\" class=\"e-font-icon-svg e-far-calendar-check\" viewBox=\"0 0 448 512\" xmlns=\"http:\/\/www.w3.org\/2000\/svg\"><path d=\"M400 64h-48V12c0-6.627-5.373-12-12-12h-40c-6.627 0-12 5.373-12 12v52H160V12c0-6.627-5.373-12-12-12h-40c-6.627 0-12 5.373-12 12v52H48C21.49 64 0 85.49 0 112v352c0 26.51 21.49 48 48 48h352c26.51 0 48-21.49 48-48V112c0-26.51-21.49-48-48-48zm-6 400H54a6 6 0 0 1-6-6V160h352v298a6 6 0 0 1-6 6zm-52.849-200.65L198.842 404.519c-4.705 4.667-12.303 4.637-16.971-.068l-75.091-75.699c-4.667-4.705-4.637-12.303.068-16.971l22.719-22.536c4.705-4.667 12.303-4.637 16.97.069l44.104 44.461 111.072-110.181c4.705-4.667 12.303-4.637 16.971.068l22.536 22.718c4.667 4.705 4.636 12.303-.069 16.97z\"><\/path><\/svg>\t\t\t<\/span>\n\t\t\t\t\t\t\t\t\t<span class=\"elementor-button-text\">R\u00e9server votre consultation ou votre massage R\u00e9felxo'r\u00e9pit<\/span>\n\t\t\t\t\t<\/span>\n\t\t\t\t\t<\/a>\n\t\t\t\t\t\t\t\t<\/div>\n\t\t\t\t\t<\/div>\n\t\t\t\t<\/div>\n\t\t<div class=\"elementor-element elementor-element-badb690 e-flex e-con-boxed e-con e-parent\" data-id=\"badb690\" data-element_type=\"container\" data-e-type=\"container\">\n\t\t\t\t\t<div class=\"e-con-inner\">\n\t\t\t\t<div class=\"elementor-element elementor-element-def6347 elementor-widget-divider--view-line elementor-widget elementor-widget-divider\" data-id=\"def6347\" data-element_type=\"widget\" data-e-type=\"widget\" data-widget_type=\"divider.default\">\n\t\t\t\t\t\t\t<div class=\"elementor-divider\">\n\t\t\t<span class=\"elementor-divider-separator\">\n\t\t\t\t\t\t<\/span>\n\t\t<\/div>\n\t\t\t\t\t\t<\/div>\n\t\t\t\t\t<\/div>\n\t\t\t\t<\/div>\n\t\t<div class=\"elementor-element elementor-element-3752f65 e-flex e-con-boxed e-con e-parent\" data-id=\"3752f65\" data-element_type=\"container\" data-e-type=\"container\">\n\t\t\t\t\t<div class=\"e-con-inner\">\n\t\t<div class=\"elementor-element elementor-element-b2428d9 e-con-full e-flex e-con e-child\" data-id=\"b2428d9\" data-element_type=\"container\" data-e-type=\"container\">\n\t\t\t\t<div class=\"elementor-element elementor-element-0061131 elementor-widget elementor-widget-image\" data-id=\"0061131\" data-element_type=\"widget\" data-e-type=\"widget\" data-widget_type=\"image.default\">\n\t\t\t\t\t\t\t\t\t\t\t\t<figure class=\"wp-caption\">\n\t\t\t\t\t\t\t\t\t\t<img fetchpriority=\"high\" decoding=\"async\" width=\"240\" height=\"300\" src=\"https:\/\/cynthialagadecreflexo.com\/wp-content\/uploads\/2026\/03\/consultation-240x300.jpg\" class=\"attachment-medium size-medium wp-image-68\" alt=\"\" srcset=\"https:\/\/cynthialagadecreflexo.com\/wp-content\/uploads\/2026\/03\/consultation-240x300.jpg 240w, https:\/\/cynthialagadecreflexo.com\/wp-content\/uploads\/2026\/03\/consultation-819x1024.jpg 819w, https:\/\/cynthialagadecreflexo.com\/wp-content\/uploads\/2026\/03\/consultation-768x960.jpg 768w, https:\/\/cynthialagadecreflexo.com\/wp-content\/uploads\/2026\/03\/consultation.jpg 1080w\" sizes=\"(max-width: 240px) 100vw, 240px\" \/>\t\t\t\t\t\t\t\t\t\t\t<figcaption class=\"widget-image-caption wp-caption-text\">Consultations pour enfants, adolescents, adultes, personnes \u00e0 mobilit\u00e9 r\u00e9duite (acc\u00e8s PMR au cabinet)<\/figcaption>\n\t\t\t\t\t\t\t\t\t\t<\/figure>\n\t\t\t\t\t\t\t\t\t<\/div>\n\t\t\t\t<\/div>\n\t\t<div class=\"elementor-element elementor-element-24e97a8 e-con-full e-flex e-con e-child\" data-id=\"24e97a8\" data-element_type=\"container\" data-e-type=\"container\">\n\t\t\t\t<div class=\"elementor-element elementor-element-ae0920e elementor-widget elementor-widget-text-editor\" data-id=\"ae0920e\" data-element_type=\"widget\" data-e-type=\"widget\" data-widget_type=\"text-editor.default\">\n\t\t\t\t\t\t\t\t\t<h3><span style=\"text-decoration: underline;\">Tarif des consultations et accompagnements<\/span><\/h3><p><strong>La 1\u00e8re consultation adulte<\/strong> : <strong>70\u20ac<\/strong><\/p><p>Cette 1\u00e8re consultation dure 1h30 et inclue la discussion, la consultation TMR et un massage de relaxation.<\/p><p><strong>Consultations de suivi adulte<\/strong> <strong>: 50\u20ac<\/strong><\/p><p>Les consultations de suivi durent 1h (TMR+temps de relaxation).<\/p><p><strong>Les consultations enfants\/adolescents<\/strong> sont au tarif unique de <strong>40\u20ac.<\/strong><\/p><p>Leurs dur\u00e9es varient de 30 \u00e0 45 minutes.<\/p>\t\t\t\t\t\t\t\t<\/div>\n\t\t\t\t<\/div>\n\t\t<div class=\"elementor-element elementor-element-4317ada e-con-full e-flex e-con e-child\" data-id=\"4317ada\" data-element_type=\"container\" data-e-type=\"container\">\n\t\t\t\t<div class=\"elementor-element elementor-element-baff0fb elementor-widget elementor-widget-text-editor\" data-id=\"baff0fb\" data-element_type=\"widget\" data-e-type=\"widget\" data-widget_type=\"text-editor.default\">\n\t\t\t\t\t\t\t\t\t<h3><span style=\"text-decoration: underline;\"><strong>Les s\u00e9ances R\u00e9flexo&rsquo;r\u00e9pit<\/strong><\/span><\/h3><p>Il est aussi possible d&rsquo;offre ces s\u00e9ances gr\u00e2ce \u00e0 mes cartes cadeau.<\/p><p><strong>Un pas vers soi 1h &#8211; 50\u20ac<\/strong><\/p><p><em>Vous pouvez choisir parmi l&rsquo;un des 4 massages.\u00a0<\/em><\/p><p><strong>A l&rsquo;\u00e9coute de soi 1h30 &#8211; 75\u20ac<\/strong><\/p><p><em>Vous pouvez choisir un massage du dos et l&rsquo;un des 3 massages de r\u00e9flexologie.<\/em><\/p><p><strong>Nouveau d\u00e9part 2h15 &#8211; 120\u20ac<\/strong><\/p><p><em>Vous pouvez choisir le massage du dos et 2 massages de r\u00e9flexologie.<\/em><\/p><p><span style=\"text-decoration: underline;\">J&rsquo;associe chaque type de massage \u00e0 une symbolique \u00e9motionnelle :\u00a0<\/span><\/p><p><strong>La r\u00e9flexologie plantaire<\/strong> pour aider \u00e0 avancer dans vos projets.<\/p><p><strong>La r\u00e9flexologie palmaire<\/strong> (mains) pour vous aider \u00e0 l\u00e2cher prise sur ce qui ne vous appartient pas\/plus \u00e9motionnellement.<\/p><p><strong>La r\u00e9flexologie du visage<\/strong> pour vous aider \u00e0 dissiper le brouillard mental.<\/p><p><strong>La r\u00e9flexologie du dos<\/strong> pour vous aider \u00e0 retirer les couches de pression.<\/p>\t\t\t\t\t\t\t\t<\/div>\n\t\t\t\t<\/div>\n\t\t<div class=\"elementor-element elementor-element-7ef1f43 e-con-full e-flex e-con e-child\" data-id=\"7ef1f43\" data-element_type=\"container\" data-e-type=\"container\">\n\t\t\t\t<div class=\"elementor-element elementor-element-7cd51ab elementor-widget elementor-widget-image\" data-id=\"7cd51ab\" data-element_type=\"widget\" data-e-type=\"widget\" data-widget_type=\"image.default\">\n\t\t\t\t\t\t\t\t\t\t\t\t\t\t\t<img decoding=\"async\" width=\"640\" height=\"537\" src=\"https:\/\/cynthialagadecreflexo.com\/wp-content\/uploads\/2026\/04\/Zen-reflexo-plantaire-3.png\" class=\"attachment-large size-large wp-image-97\" alt=\"\" srcset=\"https:\/\/cynthialagadecreflexo.com\/wp-content\/uploads\/2026\/04\/Zen-reflexo-plantaire-3.png 940w, https:\/\/cynthialagadecreflexo.com\/wp-content\/uploads\/2026\/04\/Zen-reflexo-plantaire-3-300x251.png 300w, https:\/\/cynthialagadecreflexo.com\/wp-content\/uploads\/2026\/04\/Zen-reflexo-plantaire-3-768x644.png 768w\" sizes=\"(max-width: 640px) 100vw, 640px\" \/>\t\t\t\t\t\t\t\t\t\t\t\t\t\t\t<\/div>\n\t\t\t\t<div class=\"elementor-element elementor-element-04950cb elementor-widget elementor-widget-image\" data-id=\"04950cb\" data-element_type=\"widget\" data-e-type=\"widget\" data-widget_type=\"image.default\">\n\t\t\t\t\t\t\t\t\t\t\t\t\t\t\t<img decoding=\"async\" width=\"300\" height=\"282\" src=\"https:\/\/cynthialagadecreflexo.com\/wp-content\/uploads\/2026\/04\/cartes-cadeaux-300x282.png\" class=\"attachment-medium size-medium wp-image-98\" alt=\"\" srcset=\"https:\/\/cynthialagadecreflexo.com\/wp-content\/uploads\/2026\/04\/cartes-cadeaux-300x282.png 300w, https:\/\/cynthialagadecreflexo.com\/wp-content\/uploads\/2026\/04\/cartes-cadeaux.png 456w\" sizes=\"(max-width: 300px) 100vw, 300px\" \/>\t\t\t\t\t\t\t\t\t\t\t\t\t\t\t<\/div>\n\t\t\t\t<\/div>\n\t\t\t\t\t<\/div>\n\t\t\t\t<\/div>\n\t\t<div class=\"elementor-element elementor-element-b24e3b3 e-flex e-con-boxed e-con e-parent\" data-id=\"b24e3b3\" data-element_type=\"container\" data-e-type=\"container\">\n\t\t\t\t\t<div class=\"e-con-inner\">\n\t\t<div class=\"elementor-element elementor-element-e5f3e66 e-con-full e-flex e-con e-child\" data-id=\"e5f3e66\" data-element_type=\"container\" data-e-type=\"container\">\n\t\t\t\t<div class=\"elementor-element elementor-element-4bf2b64 elementor-widget elementor-widget-text-editor\" data-id=\"4bf2b64\" data-element_type=\"widget\" data-e-type=\"widget\" data-widget_type=\"text-editor.default\">\n\t\t\t\t\t\t\t\t\t<p><a href=\"https:\/\/cynthialagadecreflexo.com\/index.php\/privacy-policy\/\">Mentions l\u00e9gales et politique de confidentialit\u00e9<\/a><\/p>\t\t\t\t\t\t\t\t<\/div>\n\t\t\t\t<\/div>\n\t\t<div class=\"elementor-element elementor-element-0a063c6 e-con-full e-flex e-con e-child\" data-id=\"0a063c6\" data-element_type=\"container\" data-e-type=\"container\">\n\t\t\t\t<div class=\"elementor-element elementor-element-d9f4501 elementor-widget elementor-widget-text-editor\" data-id=\"d9f4501\" data-element_type=\"widget\" data-e-type=\"widget\" data-widget_type=\"text-editor.default\">\n\t\t\t\t\t\t\t\t\t<p><a href=\"https:\/\/cynthialagadecreflexo.com\/index.php\/privacy-policy\/politique-de-cookies-ue\/\">Politique de cookies<\/a><\/p>\t\t\t\t\t\t\t\t<\/div>\n\t\t\t\t<\/div>\n\t\t\t\t\t<\/div>\n\t\t\t\t<\/div>\n\t\t\t\t<\/div>\n\t\t","protected":false},"excerpt":{"rendered":"<p>Les modes de paiements : carte bancaire, esp\u00e8ces, ch\u00e8que Info importante pour le massage du dos : Je prodigue un massage du dos \u00e0 la fois selon mon protocole et vos besoins, mais aussi, instinctif selon les ressentis des tensions musculaires et \u00e9motionnelles. C&rsquo;est un massage appuy\u00e9 et en douceur \u00e0 la fois. R\u00e9server votre&#8230;<\/p>\n","protected":false},"author":1,"featured_media":0,"parent":0,"menu_order":0,"comment_status":"closed","ping_status":"closed","template":"","meta":{"footnotes":""},"class_list":["post-31","page","type-page","status-publish","hentry"],"_links":{"self":[{"href":"https:\/\/cynthialagadecreflexo.com\/index.php\/wp-json\/wp\/v2\/pages\/31","targetHints":{"allow":["GET"]}}],"collection":[{"href":"https:\/\/cynthialagadecreflexo.com\/index.php\/wp-json\/wp\/v2\/pages"}],"about":[{"href":"https:\/\/cynthialagadecreflexo.com\/index.php\/wp-json\/wp\/v2\/types\/page"}],"author":[{"embeddable":true,"href":"https:\/\/cynthialagadecreflexo.com\/index.php\/wp-json\/wp\/v2\/users\/1"}],"replies":[{"embeddable":true,"href":"https:\/\/cynthialagadecreflexo.com\/index.php\/wp-json\/wp\/v2\/comments?post=31"}],"version-history":[{"count":22,"href":"https:\/\/cynthialagadecreflexo.com\/index.php\/wp-json\/wp\/v2\/pages\/31\/revisions"}],"predecessor-version":[{"id":176,"href":"https:\/\/cynthialagadecreflexo.com\/index.php\/wp-json\/wp\/v2\/pages\/31\/revisions\/176"}],"wp:attachment":[{"href":"https:\/\/cynthialagadecreflexo.com\/index.php\/wp-json\/wp\/v2\/media?parent=31"}],"curies":[{"name":"wp","href":"https:\/\/api.w.org\/{rel}","templated":true}]}}