{"id":32,"date":"2026-03-20T23:07:08","date_gmt":"2026-03-20T23:07:08","guid":{"rendered":"https:\/\/cynthialagadecreflexo.com\/?page_id=32"},"modified":"2026-04-02T18:47:48","modified_gmt":"2026-04-02T18:47:48","slug":"les-consultations-et-massages","status":"publish","type":"page","link":"https:\/\/cynthialagadecreflexo.com\/index.php\/les-consultations-et-massages\/","title":{"rendered":"Les consultations et massages"},"content":{"rendered":"\t\t<div data-elementor-type=\"wp-page\" data-elementor-id=\"32\" class=\"elementor elementor-32\">\n\t\t\t\t<div class=\"elementor-element elementor-element-01d12d9 e-flex e-con-boxed e-con e-parent\" data-id=\"01d12d9\" data-element_type=\"container\" data-e-type=\"container\">\n\t\t\t\t\t<div class=\"e-con-inner\">\n\t\t\t\t<div class=\"elementor-element elementor-element-aeb058d elementor-widget elementor-widget-text-editor\" data-id=\"aeb058d\" data-element_type=\"widget\" data-e-type=\"widget\" data-widget_type=\"text-editor.default\">\n\t\t\t\t\t\t\t\t\t<p><span style=\"text-decoration: underline;\"><strong>Les modes de paiements :<\/strong><\/span> carte bancaire, esp\u00e8ces, ch\u00e8que<\/p><p><span style=\"text-decoration: underline;\"><strong>Info importante pour le massage du dos :<\/strong><\/span> Je prodigue un massage du dos \u00e0 la fois selon mon protocole et vos besoins, mais aussi, instinctif selon les ressentis des tensions musculaires et \u00e9motionnelles. C&rsquo;est un massage appuy\u00e9 et en douceur \u00e0 la fois.<\/p>\t\t\t\t\t\t\t\t<\/div>\n\t\t\t\t\t<\/div>\n\t\t\t\t<\/div>\n\t\t<div class=\"elementor-element elementor-element-3752818 e-flex e-con-boxed e-con e-parent\" data-id=\"3752818\" data-element_type=\"container\" data-e-type=\"container\">\n\t\t\t\t\t<div class=\"e-con-inner\">\n\t\t<div class=\"elementor-element elementor-element-bf95709 e-con-full e-flex e-con e-child\" data-id=\"bf95709\" data-element_type=\"container\" data-e-type=\"container\">\n\t\t\t\t<div class=\"elementor-element elementor-element-3449b14 elementor-widget elementor-widget-image\" data-id=\"3449b14\" data-element_type=\"widget\" data-e-type=\"widget\" data-widget_type=\"image.default\">\n\t\t\t\t\t\t\t\t\t\t\t\t<figure class=\"wp-caption\">\n\t\t\t\t\t\t\t\t\t\t<img fetchpriority=\"high\" decoding=\"async\" width=\"240\" height=\"300\" src=\"https:\/\/cynthialagadecreflexo.com\/wp-content\/uploads\/2026\/03\/consultation-240x300.jpg\" class=\"attachment-medium size-medium wp-image-68\" alt=\"\" srcset=\"https:\/\/cynthialagadecreflexo.com\/wp-content\/uploads\/2026\/03\/consultation-240x300.jpg 240w, https:\/\/cynthialagadecreflexo.com\/wp-content\/uploads\/2026\/03\/consultation-819x1024.jpg 819w, https:\/\/cynthialagadecreflexo.com\/wp-content\/uploads\/2026\/03\/consultation-768x960.jpg 768w, https:\/\/cynthialagadecreflexo.com\/wp-content\/uploads\/2026\/03\/consultation.jpg 1080w\" sizes=\"(max-width: 240px) 100vw, 240px\" \/>\t\t\t\t\t\t\t\t\t\t\t<figcaption class=\"widget-image-caption wp-caption-text\">Consultations pour enfants, adolescents, adultes, personnes \u00e0 mobilit\u00e9 r\u00e9duite (acc\u00e8s PMR au cabinet)<\/figcaption>\n\t\t\t\t\t\t\t\t\t\t<\/figure>\n\t\t\t\t\t\t\t\t\t<\/div>\n\t\t\t\t<\/div>\n\t\t<div class=\"elementor-element elementor-element-50362f7 e-con-full e-flex e-con e-child\" data-id=\"50362f7\" data-element_type=\"container\" data-e-type=\"container\">\n\t\t\t\t<div class=\"elementor-element elementor-element-4563ed3 elementor-widget elementor-widget-text-editor\" data-id=\"4563ed3\" data-element_type=\"widget\" data-e-type=\"widget\" data-widget_type=\"text-editor.default\">\n\t\t\t\t\t\t\t\t\t<h2><span style=\"text-decoration: underline;\">Les consultations<\/span><\/h2><p>Quelque soit notre \u00e2ge, l&rsquo;exc\u00e8s de stress peut avoir des r\u00e9percussion sur notre bien-\u00eatre physique et moral.<\/p><p><strong>Cet exc\u00e8s de stress peut \u00eatre soudain mais aussi v\u00e9cu de mani\u00e8re prolong\u00e9e<\/strong>, par exemple, en cas de pathologies chroniques. Et inversement, les maladies et douleurs peuvent g\u00e9n\u00e9rer du stress, c&rsquo;est le cercle vicieux stress-fatigue-douleurs.<\/p><p><strong>Je vous propose mon accompagnement en 3 s\u00e9ances en associant les techniques \u00e0 m\u00e9diations r\u00e9flexe<\/strong> <strong>(TMR) \u00e0 la pratique de la r\u00e9flexologie selon la m\u00e9decine traditionnelle chinoise.<\/strong><\/p><p>Les consultations se font \u00e0 mon cabinet ou \u00e0 domicile pour les personnes ne pouvant pas se d\u00e9placer (infos et frais de d\u00e9placement sur demande).<\/p>\t\t\t\t\t\t\t\t<\/div>\n\t\t\t\t<\/div>\n\t\t\t\t\t<\/div>\n\t\t\t\t<\/div>\n\t\t<div class=\"elementor-element elementor-element-f7314cd e-flex e-con-boxed e-con e-parent\" data-id=\"f7314cd\" data-element_type=\"container\" data-e-type=\"container\">\n\t\t\t\t\t<div class=\"e-con-inner\">\n\t\t\t\t<div class=\"elementor-element elementor-element-6454164 elementor-widget elementor-widget-text-editor\" data-id=\"6454164\" data-element_type=\"widget\" data-e-type=\"widget\" data-widget_type=\"text-editor.default\">\n\t\t\t\t\t\t\t\t\t<h2><span style=\"text-decoration: underline;\">Motifs des consultations<\/span><\/h2><p>Douleurs physiques &#8211; Douleurs \u00e9motionnelles &#8211; Stress\/Anxi\u00e9t\u00e9 &#8211; Mauvais sommeil &#8211; Probl\u00e8mes digestifs &#8211; Epuisement &#8211; Burnout\u00a0 &#8211; Sevrage au tabac &#8211; Accompagnement des d\u00e9sirs de grossesse &#8211; M\u00e9nopause &#8211; R\u00e8gles douloureuses&#8230;<\/p>\t\t\t\t\t\t\t\t<\/div>\n\t\t\t\t\t<\/div>\n\t\t\t\t<\/div>\n\t\t<div class=\"elementor-element elementor-element-9382550 e-flex e-con-boxed e-con e-parent\" data-id=\"9382550\" data-element_type=\"container\" data-e-type=\"container\">\n\t\t\t\t\t<div class=\"e-con-inner\">\n\t\t<div class=\"elementor-element elementor-element-abf37a3 e-con-full e-flex e-con e-child\" data-id=\"abf37a3\" data-element_type=\"container\" data-e-type=\"container\">\n\t\t\t\t<div class=\"elementor-element elementor-element-368f7e9 elementor-widget elementor-widget-text-editor\" data-id=\"368f7e9\" data-element_type=\"widget\" data-e-type=\"widget\" data-widget_type=\"text-editor.default\">\n\t\t\t\t\t\t\t\t\t<h3><span style=\"text-decoration: underline;\">R\u00e9flexo&rsquo;r\u00e9pit : les massages relaxants et anti-stress<\/span><\/h3><p>Pour vous, j&rsquo;ai imagin\u00e9 3 temps de r\u00e9pit pour vous apporter une relaxation globale et agir favorablement sur le stress.<\/p><p><strong>Un pas vers soi<\/strong>, s\u00e9ance de 1h, 1 massage, id\u00e9al pour se faire plaisir r\u00e9guli\u00e8rement.<\/p><p><strong>A l&rsquo;\u00e9coute de soi<\/strong>, s\u00e9ance de 1h30, 1 massage du dos et 1 massage de r\u00e9flexologie, un v\u00e9ritable moment de r\u00e9compense.<\/p><p><strong>Nouveau d\u00e9part,<\/strong> s\u00e9ance de 2h15, 1 massage du dos et 2 r\u00e9flexologies, un voyage sensoriel dont vous vous souviendrez!<\/p><p><span style=\"text-decoration: underline;\">J&rsquo;associe chaque type de massage \u00e0 une symbolique \u00e9motionnelle :\u00a0<\/span><\/p><p><strong>La r\u00e9flexologie plantaire<\/strong> pour aider \u00e0 avancer dans vos projets.<\/p><p><strong>La r\u00e9flexologie palmaire<\/strong> (mains) pour vous aider \u00e0 l\u00e2cher prise sur ce qui ne vous appartient pas\/plus \u00e9motionnellement.<\/p><p><strong>La r\u00e9flexologie du visage<\/strong> pour vous aider \u00e0 dissiper le brouillard mental.<\/p><p><strong>La r\u00e9flexologie du dos<\/strong> pour vous aider \u00e0 retirer les couches de pression.<\/p><p>Bien s\u00fbr, vous pouvez aussi profiter de mes massages en r\u00e9flexologie pour simplement vous faire du bien, comme cadeau&#8230; et les offrir en carte cadeau tout au long de l&rsquo;ann\u00e9e!<\/p><p>Pour choyer vos proches, les r\u00e9compenser ou les soutenir dans un moment difficile.<\/p>\t\t\t\t\t\t\t\t<\/div>\n\t\t\t\t<\/div>\n\t\t<div class=\"elementor-element elementor-element-6ad1a94 e-con-full e-flex e-con e-child\" data-id=\"6ad1a94\" data-element_type=\"container\" data-e-type=\"container\">\n\t\t\t\t<div class=\"elementor-element elementor-element-7698687 elementor-widget elementor-widget-image\" data-id=\"7698687\" data-element_type=\"widget\" data-e-type=\"widget\" data-widget_type=\"image.default\">\n\t\t\t\t\t\t\t\t\t\t\t\t\t\t\t<img decoding=\"async\" width=\"640\" height=\"537\" src=\"https:\/\/cynthialagadecreflexo.com\/wp-content\/uploads\/2026\/04\/Zen-reflexo-plantaire-3.png\" class=\"attachment-large size-large wp-image-97\" alt=\"\" srcset=\"https:\/\/cynthialagadecreflexo.com\/wp-content\/uploads\/2026\/04\/Zen-reflexo-plantaire-3.png 940w, https:\/\/cynthialagadecreflexo.com\/wp-content\/uploads\/2026\/04\/Zen-reflexo-plantaire-3-300x251.png 300w, https:\/\/cynthialagadecreflexo.com\/wp-content\/uploads\/2026\/04\/Zen-reflexo-plantaire-3-768x644.png 768w\" sizes=\"(max-width: 640px) 100vw, 640px\" \/>\t\t\t\t\t\t\t\t\t\t\t\t\t\t\t<\/div>\n\t\t\t\t<div class=\"elementor-element elementor-element-ac71890 elementor-widget elementor-widget-image\" data-id=\"ac71890\" data-element_type=\"widget\" data-e-type=\"widget\" data-widget_type=\"image.default\">\n\t\t\t\t\t\t\t\t\t\t\t\t\t\t\t<img decoding=\"async\" width=\"456\" height=\"428\" src=\"https:\/\/cynthialagadecreflexo.com\/wp-content\/uploads\/2026\/04\/cartes-cadeaux.png\" class=\"attachment-large size-large wp-image-98\" alt=\"\" srcset=\"https:\/\/cynthialagadecreflexo.com\/wp-content\/uploads\/2026\/04\/cartes-cadeaux.png 456w, https:\/\/cynthialagadecreflexo.com\/wp-content\/uploads\/2026\/04\/cartes-cadeaux-300x282.png 300w\" sizes=\"(max-width: 456px) 100vw, 456px\" \/>\t\t\t\t\t\t\t\t\t\t\t\t\t\t\t<\/div>\n\t\t\t\t<\/div>\n\t\t\t\t\t<\/div>\n\t\t\t\t<\/div>\n\t\t<div class=\"elementor-element elementor-element-0c79a78 e-flex e-con-boxed e-con e-parent\" data-id=\"0c79a78\" data-element_type=\"container\" data-e-type=\"container\">\n\t\t\t\t\t<div class=\"e-con-inner\">\n\t\t<div class=\"elementor-element elementor-element-3470889 e-con-full e-flex e-con e-child\" data-id=\"3470889\" data-element_type=\"container\" data-e-type=\"container\">\n\t\t\t\t<div class=\"elementor-element elementor-element-4c6563e elementor-widget elementor-widget-image\" data-id=\"4c6563e\" data-element_type=\"widget\" data-e-type=\"widget\" data-widget_type=\"image.default\">\n\t\t\t\t\t\t\t\t\t\t\t\t<figure class=\"wp-caption\">\n\t\t\t\t\t\t\t\t\t\t<img loading=\"lazy\" decoding=\"async\" width=\"300\" height=\"292\" src=\"https:\/\/cynthialagadecreflexo.com\/wp-content\/uploads\/2026\/03\/Nerfs-spinaux-300x292.jpg\" class=\"attachment-medium size-medium wp-image-70\" alt=\"\" srcset=\"https:\/\/cynthialagadecreflexo.com\/wp-content\/uploads\/2026\/03\/Nerfs-spinaux-300x292.jpg 300w, https:\/\/cynthialagadecreflexo.com\/wp-content\/uploads\/2026\/03\/Nerfs-spinaux.jpg 675w\" sizes=\"(max-width: 300px) 100vw, 300px\" \/>\t\t\t\t\t\t\t\t\t\t\t<figcaption class=\"widget-image-caption wp-caption-text\">Correspondance du syst\u00e8me nerveux dans le corps<\/figcaption>\n\t\t\t\t\t\t\t\t\t\t<\/figure>\n\t\t\t\t\t\t\t\t\t<\/div>\n\t\t\t\t<\/div>\n\t\t<div class=\"elementor-element elementor-element-9a6042e e-con-full e-flex e-con e-child\" data-id=\"9a6042e\" data-element_type=\"container\" data-e-type=\"container\">\n\t\t\t\t<div class=\"elementor-element elementor-element-5d52d09 elementor-widget elementor-widget-text-editor\" data-id=\"5d52d09\" data-element_type=\"widget\" data-e-type=\"widget\" data-widget_type=\"text-editor.default\">\n\t\t\t\t\t\t\t\t\t<h3><span style=\"text-decoration: underline;\"><strong>Les techniques \u00e0 m\u00e9diation r\u00e9flexe (TMR)<\/strong><\/span><\/h3><p>Les TRM sont un ensemble de techniques douces qui visent \u00e0 d\u00e9parasiter le circuit de la douleur auto-entretenu par le syst\u00e8me nerveux.<\/p><p>Les TMR sont le fruit du travail et de l&rsquo;exp\u00e9rience de plusieurs ann\u00e9es du professeur Philippe Malafosse, qui est entre autre, posturologue, ost\u00e9opathe, et sp\u00e9cialis\u00e9 dans la r\u00e9flexologie appliqu\u00e9es aux neurosciences. Il perp\u00e9tue ainsi les enseignements de Ren\u00e9 Jacques Bourdiol, m\u00e9decin et neurologue.<\/p>\t\t\t\t\t\t\t\t<\/div>\n\t\t\t\t<\/div>\n\t\t\t\t\t<\/div>\n\t\t\t\t<\/div>\n\t\t<div class=\"elementor-element elementor-element-ff668d4 e-flex e-con-boxed e-con e-parent\" data-id=\"ff668d4\" data-element_type=\"container\" data-e-type=\"container\">\n\t\t\t\t\t<div class=\"e-con-inner\">\n\t\t<div class=\"elementor-element elementor-element-f352fb7 e-con-full e-flex e-con e-child\" data-id=\"f352fb7\" data-element_type=\"container\" data-e-type=\"container\">\n\t\t\t\t<div class=\"elementor-element elementor-element-ef274ac elementor-widget elementor-widget-image\" data-id=\"ef274ac\" data-element_type=\"widget\" data-e-type=\"widget\" data-widget_type=\"image.default\">\n\t\t\t\t\t\t\t\t\t\t\t\t<figure class=\"wp-caption\">\n\t\t\t\t\t\t\t\t\t\t<img loading=\"lazy\" decoding=\"async\" width=\"208\" height=\"300\" src=\"https:\/\/cynthialagadecreflexo.com\/wp-content\/uploads\/2026\/03\/planche-reflexologie-208x300.jpg\" class=\"attachment-medium size-medium wp-image-71\" alt=\"\" srcset=\"https:\/\/cynthialagadecreflexo.com\/wp-content\/uploads\/2026\/03\/planche-reflexologie-208x300.jpg 208w, https:\/\/cynthialagadecreflexo.com\/wp-content\/uploads\/2026\/03\/planche-reflexologie.jpg 580w\" sizes=\"(max-width: 208px) 100vw, 208px\" \/>\t\t\t\t\t\t\t\t\t\t\t<figcaption class=\"widget-image-caption wp-caption-text\">Repr\u00e9sentation de r\u00e9flexologie plantaire<\/figcaption>\n\t\t\t\t\t\t\t\t\t\t<\/figure>\n\t\t\t\t\t\t\t\t\t<\/div>\n\t\t\t\t<\/div>\n\t\t<div class=\"elementor-element elementor-element-f4c35bf e-con-full e-flex e-con e-child\" data-id=\"f4c35bf\" data-element_type=\"container\" data-e-type=\"container\">\n\t\t\t\t<div class=\"elementor-element elementor-element-0eb8493 elementor-widget elementor-widget-text-editor\" data-id=\"0eb8493\" data-element_type=\"widget\" data-e-type=\"widget\" data-widget_type=\"text-editor.default\">\n\t\t\t\t\t\t\t\t\t<h3><span style=\"text-decoration: underline;\"><strong>La r\u00e9flexologie selon la m\u00e9decine traditionnelle chinoise et vietnamienne (pour le visage Dien Chan)<\/strong><\/span><\/h3><p>Ces techniques s&rsquo;appuient sur la projection du corps humain dans nos membres, \u00e0 travers notre syst\u00e8me nerveux mais aussi en prenant en compte notre \u00e9tat \u00e9motionnel.\u00a0<\/p><p>Pour ma part, je pratique des massages de r\u00e9flexologie de fa\u00e7on douce et adapt\u00e9e \u00e0 la sensibilit\u00e9 de chaque personne, quelque soit son \u00e2ge.<\/p><p>Je vous propose la r\u00e9flexologie plantaire, palmaire (mains), visage et dos.<\/p>\t\t\t\t\t\t\t\t<\/div>\n\t\t\t\t<\/div>\n\t\t\t\t\t<\/div>\n\t\t\t\t<\/div>\n\t\t<div class=\"elementor-element elementor-element-137b300 e-flex e-con-boxed e-con e-parent\" data-id=\"137b300\" data-element_type=\"container\" data-e-type=\"container\">\n\t\t\t\t\t<div class=\"e-con-inner\">\n\t\t\t\t<div class=\"elementor-element elementor-element-592b77c elementor-widget elementor-widget-text-editor\" data-id=\"592b77c\" data-element_type=\"widget\" data-e-type=\"widget\" data-widget_type=\"text-editor.default\">\n\t\t\t\t\t\t\t\t\t<p><span style=\"text-decoration: underline;\"><strong>INFOS CONTRE-INDICATIONS POUR LA REFLEXOLOGIE<\/strong><\/span><\/p><p>Grossesse, infections cutan\u00e9es si diab\u00e8te et\/ou troubles circulatoires, maladies thrombo-embolique, traitement anti-coagulant, porteur de pacemaker, d\u00e9fibrillateur, n\u00e9oplasies (n\u00e9anmoins possible apr\u00e8s traitement en compl\u00e9ment de confort), polyarthrite rhumato\u00efde, spondylarthrite ankylosante, maladies auto-immunes.\u00a0<\/p>\t\t\t\t\t\t\t\t<\/div>\n\t\t\t\t\t<\/div>\n\t\t\t\t<\/div>\n\t\t<div class=\"elementor-element elementor-element-556f3a1 e-flex e-con-boxed e-con e-parent\" data-id=\"556f3a1\" data-element_type=\"container\" data-e-type=\"container\">\n\t\t\t\t\t<div class=\"e-con-inner\">\n\t\t<div class=\"elementor-element elementor-element-f8fa5dc e-con-full e-flex e-con e-child\" data-id=\"f8fa5dc\" data-element_type=\"container\" data-e-type=\"container\">\n\t\t\t\t<div class=\"elementor-element elementor-element-f19594f elementor-widget elementor-widget-text-editor\" data-id=\"f19594f\" data-element_type=\"widget\" data-e-type=\"widget\" data-widget_type=\"text-editor.default\">\n\t\t\t\t\t\t\t\t\t<p><a href=\"https:\/\/cynthialagadecreflexo.com\/index.php\/privacy-policy\/\">Mentions l\u00e9gales et politique de confidentialit\u00e9<\/a><\/p>\t\t\t\t\t\t\t\t<\/div>\n\t\t\t\t<\/div>\n\t\t<div class=\"elementor-element elementor-element-7ee9025 e-con-full e-flex e-con e-child\" data-id=\"7ee9025\" data-element_type=\"container\" data-e-type=\"container\">\n\t\t\t\t<div class=\"elementor-element elementor-element-acddfa6 elementor-widget elementor-widget-text-editor\" data-id=\"acddfa6\" data-element_type=\"widget\" data-e-type=\"widget\" data-widget_type=\"text-editor.default\">\n\t\t\t\t\t\t\t\t\t<p><a href=\"https:\/\/cynthialagadecreflexo.com\/index.php\/privacy-policy\/politique-de-cookies-ue\/\">Politique des cookies<\/a><\/p>\t\t\t\t\t\t\t\t<\/div>\n\t\t\t\t<\/div>\n\t\t\t\t\t<\/div>\n\t\t\t\t<\/div>\n\t\t\t\t<\/div>\n\t\t","protected":false},"excerpt":{"rendered":"<p>Les modes de paiements : carte bancaire, esp\u00e8ces, ch\u00e8que Info importante pour le massage du dos : Je prodigue un massage du dos \u00e0 la fois selon mon protocole et vos besoins, mais aussi, instinctif selon les ressentis des tensions musculaires et \u00e9motionnelles. C&rsquo;est un massage appuy\u00e9 et en douceur \u00e0 la fois. Consultations pour&#8230;<\/p>\n","protected":false},"author":1,"featured_media":0,"parent":0,"menu_order":0,"comment_status":"closed","ping_status":"closed","template":"","meta":{"footnotes":""},"class_list":["post-32","page","type-page","status-publish","hentry"],"_links":{"self":[{"href":"https:\/\/cynthialagadecreflexo.com\/index.php\/wp-json\/wp\/v2\/pages\/32","targetHints":{"allow":["GET"]}}],"collection":[{"href":"https:\/\/cynthialagadecreflexo.com\/index.php\/wp-json\/wp\/v2\/pages"}],"about":[{"href":"https:\/\/cynthialagadecreflexo.com\/index.php\/wp-json\/wp\/v2\/types\/page"}],"author":[{"embeddable":true,"href":"https:\/\/cynthialagadecreflexo.com\/index.php\/wp-json\/wp\/v2\/users\/1"}],"replies":[{"embeddable":true,"href":"https:\/\/cynthialagadecreflexo.com\/index.php\/wp-json\/wp\/v2\/comments?post=32"}],"version-history":[{"count":41,"href":"https:\/\/cynthialagadecreflexo.com\/index.php\/wp-json\/wp\/v2\/pages\/32\/revisions"}],"predecessor-version":[{"id":179,"href":"https:\/\/cynthialagadecreflexo.com\/index.php\/wp-json\/wp\/v2\/pages\/32\/revisions\/179"}],"wp:attachment":[{"href":"https:\/\/cynthialagadecreflexo.com\/index.php\/wp-json\/wp\/v2\/media?parent=32"}],"curies":[{"name":"wp","href":"https:\/\/api.w.org\/{rel}","templated":true}]}}